{"id":56,"date":"2017-12-12T10:55:12","date_gmt":"2017-12-12T14:55:12","guid":{"rendered":"http:\/\/ayuntamiento.guineo\/transparencia\/?page_id=56"},"modified":"2020-05-27T11:20:04","modified_gmt":"2020-05-27T15:20:04","slug":"derechos-de-los-ciudadanos","status":"publish","type":"page","link":"https:\/\/ayuntamientomontellano.gob.do\/transparencia\/derechos-de-los-ciudadanos\/","title":{"rendered":"Derechos de los Ciudadanos"},"content":{"rendered":"<p style=\"text-align: center\"><span style=\"font-size: 14pt\">AYUNTAMIENTO MUNICIPAL VILLA MONTELLANO<\/span><\/p>\n<p style=\"text-align: center\"><span style=\"font-size: 14pt\">Direcci\u00f3n Municipal de \u00c9tica e Integridad Municipal<\/span><\/p>\n<h6><\/h6>\n<h6 style=\"text-align: center\"><span style=\"font-size: 10pt\">DERECHOS DE LOS CIUDADANOS AL LIBRE ACCESO A LA INFORMACI\u00d3N P\u00daBLICAS MUNICIPAL<\/span><\/h6>\n<h6 style=\"text-align: center\"><\/h6>\n<h6 style=\"text-align: center\"><span style=\"font-size: 10pt\">SOLICITAR informaci\u00f3n de cualquier \u00d3rgano del Estado Dominicano y de todas las sociedades an\u00f3nimas o compa\u00f1\u00edas por acciones con participaci\u00f3n estatal y Municipal<\/span><\/h6>\n<h6 style=\"text-align: center\"><\/h6>\n<h6 style=\"text-align: center\"><span style=\"font-size: 10pt\">RECIBIR informaci\u00f3n completa, veraz, adecuada y oportuna de cualquier \u00f3rgano del Estado Dominicano y de todas las sociedades an\u00f3nimas o compa\u00f1\u00eda por acciones con participaci\u00f3n estatal y Municipal.<\/span><\/h6>\n<h6 style=\"text-align: center\"><\/h6>\n<h6 style=\"text-align: center\"><span style=\"font-size: 10pt\">ACCESO gratuito a la informaci\u00f3n en tanto que no requiera reproducci\u00f3n de la misma.<\/span><\/h6>\n<h6 style=\"text-align: center\"><\/h6>\n<h6 style=\"text-align: center\"><span style=\"font-size: 10pt\">SOLICITAR, RECIBIR Y DIFUNDIR informaciones pertenecientes a la administraci\u00f3n Municipal.<\/span><\/h6>\n<h6 style=\"text-align: center\"><\/h6>\n<h6 style=\"text-align: center\"><span style=\"font-size: 10pt\">CONOCER los proyectos de reglamentos y otras disposiciones de car\u00e1cter general que rigen las relaciones entre los particulares y la administraci\u00f3n Municipal.<\/span><\/h6>\n<h6 style=\"text-align: center\"><\/h6>\n<h6 style=\"text-align: center\"><span style=\"font-size: 10pt\">OPINAR sobre los proyectos de reglamentos y otras disposiciones de car\u00e1cter general que rigen las relaciones entre los particulares y la Administraci\u00f3n Municipal.<\/span><\/h6>\n<h6 style=\"text-align: center\"><\/h6>\n<h6 style=\"text-align: center\"><span style=\"font-size: 10pt\">OBTENER informaci\u00f3n sobre los servicios que ofrece el Ayuntamiento y sus tarifas.<\/span><\/h6>\n<h6 style=\"text-align: center\"><\/h6>\n<h6 style=\"text-align: center\"><span style=\"font-size: 10pt\">SABER la estructura, integrantes, normativas de funcionamiento, proyectos, informes de gesti\u00f3n, y bases de datos de la administraci\u00f3n Municipal.<\/span><\/h6>\n<h6 style=\"text-align: center\"><\/h6>\n<h6 style=\"text-align: center\"><span style=\"font-size: 10pt\">CONOCER sobre los presupuestos y c\u00e1lculos de recursos y gastos aprobados, su evoluci\u00f3n y estado de ejecuci\u00f3n.<\/span><\/h6>\n<h6 style=\"text-align: center\"><\/h6>\n<h6 style=\"text-align: center\"><span style=\"font-size: 10pt\">TENER informaci\u00f3n sobre los programas y proyectos, sus presupuestos, plazos, ejecuci\u00f3n y supervisi\u00f3n.<\/span><\/h6>\n<h6 style=\"text-align: center\"><\/h6>\n<h6 style=\"text-align: center\"><span style=\"font-size: 10pt\">ESTAR AL TANTO sobre las licitaciones, concursos, compras, gastos y resultados.<\/span><\/h6>\n<h6 style=\"text-align: center\"><\/h6>\n<h6 style=\"text-align: center\"><span style=\"font-size: 10pt\">ACCEDER a la n\u00f3mina del Ayuntamiento y sus remuneraciones.<\/span><\/h6>\n<h6 style=\"text-align: center\"><\/h6>\n<h6 style=\"text-align: center\"><span style=\"font-size: 10pt\">CONOCER la declaraci\u00f3n jurada patrimonial de los funcionarios del Ayuntamiento cuando su presentaci\u00f3n corresponda por ley.<\/span><\/h6>\n<h6 style=\"text-align: center\"><\/h6>\n<h6 style=\"text-align: center\"><span style=\"font-size: 10pt\">RECIBIR informaci\u00f3n sobre el listado de beneficiarios de programas asistenciales, subsidios, becas, jubilaciones, pensiones y retiros.<\/span><\/h6>\n<h6 style=\"text-align: center\"><\/h6>\n<h6 style=\"text-align: center\"><span style=\"font-size: 10pt\">SABER sobre el estado de cuentas de la deuda P\u00fablica Municipal, sus vencimientos y pagos.<\/span><\/h6>\n<h6 style=\"text-align: center\"><\/h6>\n<h6 style=\"text-align: center\"><span style=\"font-size: 10pt\">BUSCAR las leyes, Decretos, Resoluciones, Disposiciones, Marcos regulatorios y cualquier tipo de normativas que sea afines al Ayuntamiento.<\/span><\/h6>\n<h6 style=\"text-align: center\"><\/h6>\n<h6 style=\"text-align: center\"><span style=\"font-size: 10pt\">SOLICITAR Y RECIBIR oportunamente cualquier tipo de documentaci\u00f3n financiera relativa al presupuesto p\u00fablico municipal.<\/span><\/h6>\n<h6 style=\"text-align: center\"><\/h6>\n","protected":false},"excerpt":{"rendered":"AYUNTAMIENTO MUNICIPAL VILLA MONTELLANO Direcci\u00f3n Municipal de \u00c9tica e Integridad Municipal DERECHOS DE LOS CIUDADANOS AL LIBRE ACCESO A LA INFORMACI\u00d3N P\u00daBLICAS MUNICIPAL SOLICITAR informaci\u00f3n de cualquier \u00d3rgano del Estado Dominicano y de todas las sociedades an\u00f3nimas o compa\u00f1\u00edas por acciones con participaci\u00f3n estatal y Municipal RECIBIR informaci\u00f3n completa, veraz, adecuada y oportuna de cualquier&#8230;","protected":false},"author":4,"featured_media":0,"parent":0,"menu_order":0,"comment_status":"closed","ping_status":"closed","template":"","meta":[],"acf":[],"_links":{"self":[{"href":"https:\/\/ayuntamientomontellano.gob.do\/transparencia\/wp-json\/wp\/v2\/pages\/56"}],"collection":[{"href":"https:\/\/ayuntamientomontellano.gob.do\/transparencia\/wp-json\/wp\/v2\/pages"}],"about":[{"href":"https:\/\/ayuntamientomontellano.gob.do\/transparencia\/wp-json\/wp\/v2\/types\/page"}],"author":[{"embeddable":true,"href":"https:\/\/ayuntamientomontellano.gob.do\/transparencia\/wp-json\/wp\/v2\/users\/4"}],"replies":[{"embeddable":true,"href":"https:\/\/ayuntamientomontellano.gob.do\/transparencia\/wp-json\/wp\/v2\/comments?post=56"}],"version-history":[{"count":12,"href":"https:\/\/ayuntamientomontellano.gob.do\/transparencia\/wp-json\/wp\/v2\/pages\/56\/revisions"}],"predecessor-version":[{"id":425,"href":"https:\/\/ayuntamientomontellano.gob.do\/transparencia\/wp-json\/wp\/v2\/pages\/56\/revisions\/425"}],"wp:attachment":[{"href":"https:\/\/ayuntamientomontellano.gob.do\/transparencia\/wp-json\/wp\/v2\/media?parent=56"}],"curies":[{"name":"wp","href":"https:\/\/api.w.org\/{rel}","templated":true}]}}